{"id":5482,"date":"2022-04-24T14:32:06","date_gmt":"2022-04-24T12:32:06","guid":{"rendered":"https:\/\/zahnarzt-kronberg.de\/careers\/"},"modified":"2023-03-25T10:23:10","modified_gmt":"2023-03-25T09:23:10","slug":"careers","status":"publish","type":"page","link":"https:\/\/zahnarzt-kronberg.de\/en\/about-us\/careers\/","title":{"rendered":"Careers"},"content":{"rendered":"<section id=\"content-standard-block_6265459c42fe8\" class=\"content-jobs bg-trans   text-default pt-md-5 pt-4 pb-md-5 pb-4 \" >\n\t<div class=\"container\">\n\t\t<div class=\"row\">\n\t\t\t<div class=\"col-lg-12 mb-n5\">\n\t\t\t\t\t\t\t\t\t<h2>Current vacancies<\/h2>\n\t\t\t\t\t\t\t\t\n\t\t\t\t\t \t\t\t\t\t\t<div class=\"row mb-3\">\n\t\t\t\t\t\t\t<div class=\"col-md-4 mb-3\">\n\t\t\t\t\t\t\t\t<img loading=\"lazy\" decoding=\"async\" width=\"480\" height=\"480\" src=\"https:\/\/zahnarzt-kronberg.de\/wp-content\/uploads\/2023\/06\/AdobeStock_240981125-480x480.jpeg\" class=\" wp-post-image\" alt=\"\" srcset=\"https:\/\/zahnarzt-kronberg.de\/wp-content\/uploads\/2023\/06\/AdobeStock_240981125-480x480.jpeg 480w, https:\/\/zahnarzt-kronberg.de\/wp-content\/uploads\/2023\/06\/AdobeStock_240981125-300x300.jpeg 300w, https:\/\/zahnarzt-kronberg.de\/wp-content\/uploads\/2023\/06\/AdobeStock_240981125-100x100.jpeg 100w\" sizes=\"auto, (max-width: 480px) 100vw, 480px\" title=\"beautiful dentist standing with crossed arms in dental clinic\" \/>\t\t\t\t\t\t\t<\/div>\n\t\t\t\t\t\t\t<div class=\"col-md-8 mb-3\">\n\t\t\t\t\t\t\t\t<h3>Zahnarzt, Schwerpunkt KFO (w,m,d)<\/h3>\n\t\t\t\t\t\t\t\t\n\t\t\t\t\t\t\t\t\t\t\t\t\t\t\t\t\t<h4>in Vollzeit oder Teilzeit<\/h4>\n\t\t\t\t\t\t\t\t\t\t\t\t\t\t\t\t\n\t\t\t\t\t\t\t\t\t\t\t\t\t\t\t\t\t<p>Eintrittsdatum sofort oder nach Vereinbarung<\/p>\n\t\t\t\t\t\t\t\t\t\t\t\t\t\t\t\t\n\t\t\t\t\t\t\t\t\t\t\t\t\t\t\t\t \n\t\t\t\t\t\t\t\t\n\t\t\t\t\t\t\t\t\t\t\t\t\t\t\t\t\t<p><strong class=\"wichtig\">T\u00e4tigkeitsbereich:<\/strong><\/p>\n\t\t\t\t\t\t\t\t\t<p>Du m\u00f6chtest Verantwortung \u00fcbernehmen, erstklassig behandeln und Dich fachlich sowie menschlich weiterentwickeln? Dann bist Du bei uns richtig!<\/p>\n\t\t\t\t\t\t\t\t\t\t\t\t\t\t\t\t\n\t\t\t\t\t\t\t\t\t\t\t\t\t\t\t\t\t<p><strong class=\"wichtig\">Das ist uns wichtig:<\/strong><\/p>\n\t\t\t\t\t\t\t\t\t<ul>\n<li>In Deutschland anerkannte Approbation<\/li>\n<li>Berufserfahrung in KFO, Curriculum KFO, Master of Science KFO<\/li>\n<li>Erfahrung im Umgang mit Intraoral Scanner, Invisalign<\/li>\n<li>Hohes zahnmedizinisches Niveau und Verantwortungsbewusstsein<\/li>\n<li>Freude an Teamarbeit und kollegialem Austausch<\/li>\n<li>Empathischer Umgang mit Patientinnen und Patienten<\/li>\n<\/ul>\n\t\t\t\t\t\t\t\t\t\t\t\t\t\t\t\t\n\t\t\t\t\t\t\t\t\t\t\t\t\t\t\t\t\t<p><strong class=\"wichtig\">Wir bieten:<\/strong><\/p>\n\t\t\t\t\t\t\t\t\t<ul>\n<li>Unbefristeter Arbeitsvertrag mit \u00fcberdurchschnittlichen Verdienstm\u00f6glichkeiten<\/li>\n<li>Verantwortungsvolle Rolle als Ansprechpartner f\u00fcr unsere Patienten<\/li>\n<li>Hervorragende Praxisausstattung &amp; eigenes Praxislabor<\/li>\n<li>Professionelles Abrechnungs- und Organisationsteam, das Dir den R\u00fccken freih\u00e4lt<\/li>\n<li>Gro\u00dfer Patientenstamm \u2013 \u00fcber 20.000 Behandlungen pro Jahr<\/li>\n<li>Ein sicherer Arbeitsplatz mit einem starken, engagierten Team<\/li>\n<li>Wohlf\u00fchlatmosph\u00e4re in stilvoll gestalteten R\u00e4umlichkeiten<\/li>\n<li>Flexible Arbeitszeiten \u2013 3, 4 oder 5 Tage\/Woche nach Absprache<\/li>\n<li>Zentrale Lage mit guter Verkehrsanbindung<\/li>\n<li>Individuelle Fortbildungsf\u00f6rderung &amp; regelm\u00e4\u00dfige Teamevents<\/li>\n<\/ul>\n\t\t\t\t\t\t\t\t\t\t\t\t\t\t\t\t\n\t\t\t\t\t\t\n\t\t\t\t\t\t\t\t\n\t\t\t\t\t\t\t\t\n\t\t\t\t\t\t\t\t\n\t\t\t\t\t\t\t\t\n\t\t\t\t\t\t\t\t<p><strong class=\"wichtig\">Wir freuen uns auf Deine Bewerbung!<\/strong><\/p>\n\t\t\t\t\t\t\t\t Sende Deine Bewerbung bitte an Stephan Rohloff, Gesch\u00e4ftsf\u00fchrung.<br>\n\t\t\t\t\t\t\t\t <a href=\"mailto:s.rohloff@zahnarzt-kronberg.de\"><i class=\"fas fa-envelope\"><\/i>&thinsp;s.rohloff@zahnarzt-kronberg.de<\/a><br>\n\t\t\t\t\t\t\t\t <a href=\"tel:017078770078\"><i class=\"fas fa-phone\"><\/i>&thinsp;0170 787 700 78<\/a>\n\t\t\t\t\t\t\t<\/div>\n\t\t\t\t\t\t\t<\/div>\n\t\t\t\t\t\n\t\t\t\t\t\n\n\t\t\t\t\n\t\t\t<\/div>\n\t\t<\/div>\t\t\t\t\n\t<\/div>\n<\/section>","protected":false},"excerpt":{"rendered":"<p>Join our team!<\/p>\n","protected":false},"author":1,"featured_media":5452,"parent":5605,"menu_order":7,"comment_status":"closed","ping_status":"closed","template":"","meta":{"_acf_changed":false,"inline_featured_image":false,"footnotes":""},"class_list":["post-5482","page","type-page","status-publish","has-post-thumbnail","hentry"],"acf":[],"yoast_head":"<!-- This site is optimized with the Yoast SEO plugin v27.4 - https:\/\/yoast.com\/product\/yoast-seo-wordpress\/ -->\n<title>Careers at the dental practice | Zahnarzt Kronberg<\/title>\n<meta name=\"description\" content=\"Careers at Dr. Astrid Baumstieger\u2019s dental practice in Kronberg - current vacancies\" \/>\n<meta name=\"robots\" content=\"index, follow, max-snippet:-1, max-image-preview:large, max-video-preview:-1\" \/>\n<link rel=\"canonical\" href=\"https:\/\/zahnarzt-kronberg.de\/en\/about-us\/careers\/\" \/>\n<meta property=\"og:locale\" content=\"en_US\" \/>\n<meta property=\"og:type\" content=\"article\" \/>\n<meta property=\"og:title\" content=\"Careers at the dental practice | Zahnarzt Kronberg\" \/>\n<meta property=\"og:description\" content=\"Careers at Dr. Astrid Baumstieger\u2019s dental practice in Kronberg - current vacancies\" \/>\n<meta property=\"og:url\" content=\"https:\/\/zahnarzt-kronberg.de\/en\/about-us\/careers\/\" \/>\n<meta property=\"og:site_name\" content=\"Zahnarzt Kronberg\" \/>\n<meta property=\"article:modified_time\" content=\"2023-03-25T09:23:10+00:00\" \/>\n<meta property=\"og:image\" content=\"https:\/\/zahnarzt-kronberg.de\/wp-content\/uploads\/2022\/04\/AdobeStock_348110316.jpeg\" \/>\n\t<meta property=\"og:image:width\" content=\"2400\" \/>\n\t<meta property=\"og:image:height\" content=\"1600\" \/>\n\t<meta property=\"og:image:type\" content=\"image\/jpeg\" \/>\n<script type=\"application\/ld+json\" class=\"yoast-schema-graph\">{\"@context\":\"https:\\\/\\\/schema.org\",\"@graph\":[{\"@type\":\"WebPage\",\"@id\":\"https:\\\/\\\/zahnarzt-kronberg.de\\\/en\\\/about-us\\\/careers\\\/\",\"url\":\"https:\\\/\\\/zahnarzt-kronberg.de\\\/en\\\/about-us\\\/careers\\\/\",\"name\":\"Careers at the dental practice | Zahnarzt Kronberg\",\"isPartOf\":{\"@id\":\"https:\\\/\\\/zahnarzt-kronberg.de\\\/en\\\/#website\"},\"primaryImageOfPage\":{\"@id\":\"https:\\\/\\\/zahnarzt-kronberg.de\\\/en\\\/about-us\\\/careers\\\/#primaryimage\"},\"image\":{\"@id\":\"https:\\\/\\\/zahnarzt-kronberg.de\\\/en\\\/about-us\\\/careers\\\/#primaryimage\"},\"thumbnailUrl\":\"https:\\\/\\\/zahnarzt-kronberg.de\\\/wp-content\\\/uploads\\\/2022\\\/04\\\/AdobeStock_348110316.jpeg\",\"datePublished\":\"2022-04-24T12:32:06+00:00\",\"dateModified\":\"2023-03-25T09:23:10+00:00\",\"description\":\"Careers at Dr. Astrid Baumstieger\u2019s dental practice in Kronberg - current vacancies\",\"breadcrumb\":{\"@id\":\"https:\\\/\\\/zahnarzt-kronberg.de\\\/en\\\/about-us\\\/careers\\\/#breadcrumb\"},\"inLanguage\":\"de\",\"potentialAction\":[{\"@type\":\"ReadAction\",\"target\":[\"https:\\\/\\\/zahnarzt-kronberg.de\\\/en\\\/about-us\\\/careers\\\/\"]}]},{\"@type\":\"ImageObject\",\"inLanguage\":\"de\",\"@id\":\"https:\\\/\\\/zahnarzt-kronberg.de\\\/en\\\/about-us\\\/careers\\\/#primaryimage\",\"url\":\"https:\\\/\\\/zahnarzt-kronberg.de\\\/wp-content\\\/uploads\\\/2022\\\/04\\\/AdobeStock_348110316.jpeg\",\"contentUrl\":\"https:\\\/\\\/zahnarzt-kronberg.de\\\/wp-content\\\/uploads\\\/2022\\\/04\\\/AdobeStock_348110316.jpeg\",\"width\":2400,\"height\":1600},{\"@type\":\"BreadcrumbList\",\"@id\":\"https:\\\/\\\/zahnarzt-kronberg.de\\\/en\\\/about-us\\\/careers\\\/#breadcrumb\",\"itemListElement\":[{\"@type\":\"ListItem\",\"position\":1,\"name\":\"Startseite\",\"item\":\"https:\\\/\\\/zahnarzt-kronberg.de\\\/en\\\/\"},{\"@type\":\"ListItem\",\"position\":2,\"name\":\"Careers\"}]},{\"@type\":\"WebSite\",\"@id\":\"https:\\\/\\\/zahnarzt-kronberg.de\\\/en\\\/#website\",\"url\":\"https:\\\/\\\/zahnarzt-kronberg.de\\\/en\\\/\",\"name\":\"Zahnarzt Kronberg\",\"description\":\"Hightech mit Herz in Kronberg \\\/ Taunus\",\"publisher\":{\"@id\":\"https:\\\/\\\/zahnarzt-kronberg.de\\\/en\\\/#organization\"},\"potentialAction\":[{\"@type\":\"SearchAction\",\"target\":{\"@type\":\"EntryPoint\",\"urlTemplate\":\"https:\\\/\\\/zahnarzt-kronberg.de\\\/en\\\/?s={search_term_string}\"},\"query-input\":{\"@type\":\"PropertyValueSpecification\",\"valueRequired\":true,\"valueName\":\"search_term_string\"}}],\"inLanguage\":\"de\"},{\"@type\":\"Organization\",\"@id\":\"https:\\\/\\\/zahnarzt-kronberg.de\\\/en\\\/#organization\",\"name\":\"Dr. Astrid Baumstieger & Kollegen\",\"url\":\"https:\\\/\\\/zahnarzt-kronberg.de\\\/en\\\/\",\"logo\":{\"@type\":\"ImageObject\",\"inLanguage\":\"de\",\"@id\":\"https:\\\/\\\/zahnarzt-kronberg.de\\\/en\\\/#\\\/schema\\\/logo\\\/image\\\/\",\"url\":\"https:\\\/\\\/zahnarzt-kronberg.de\\\/wp-content\\\/uploads\\\/2022\\\/01\\\/logo.svg\",\"contentUrl\":\"https:\\\/\\\/zahnarzt-kronberg.de\\\/wp-content\\\/uploads\\\/2022\\\/01\\\/logo.svg\",\"width\":\"1200\",\"height\":\"1200\",\"caption\":\"Dr. Astrid Baumstieger & Kollegen\"},\"image\":{\"@id\":\"https:\\\/\\\/zahnarzt-kronberg.de\\\/en\\\/#\\\/schema\\\/logo\\\/image\\\/\"}}]}<\/script>\n<!-- \/ Yoast SEO plugin. -->","yoast_head_json":{"title":"Careers at the dental practice | Zahnarzt Kronberg","description":"Careers at Dr. Astrid Baumstieger\u2019s dental practice in Kronberg - current vacancies","robots":{"index":"index","follow":"follow","max-snippet":"max-snippet:-1","max-image-preview":"max-image-preview:large","max-video-preview":"max-video-preview:-1"},"canonical":"https:\/\/zahnarzt-kronberg.de\/en\/about-us\/careers\/","og_locale":"en_US","og_type":"article","og_title":"Careers at the dental practice | Zahnarzt Kronberg","og_description":"Careers at Dr. Astrid Baumstieger\u2019s dental practice in Kronberg - current vacancies","og_url":"https:\/\/zahnarzt-kronberg.de\/en\/about-us\/careers\/","og_site_name":"Zahnarzt Kronberg","article_modified_time":"2023-03-25T09:23:10+00:00","og_image":[{"width":2400,"height":1600,"url":"https:\/\/zahnarzt-kronberg.de\/wp-content\/uploads\/2022\/04\/AdobeStock_348110316.jpeg","type":"image\/jpeg"}],"schema":{"@context":"https:\/\/schema.org","@graph":[{"@type":"WebPage","@id":"https:\/\/zahnarzt-kronberg.de\/en\/about-us\/careers\/","url":"https:\/\/zahnarzt-kronberg.de\/en\/about-us\/careers\/","name":"Careers at the dental practice | Zahnarzt Kronberg","isPartOf":{"@id":"https:\/\/zahnarzt-kronberg.de\/en\/#website"},"primaryImageOfPage":{"@id":"https:\/\/zahnarzt-kronberg.de\/en\/about-us\/careers\/#primaryimage"},"image":{"@id":"https:\/\/zahnarzt-kronberg.de\/en\/about-us\/careers\/#primaryimage"},"thumbnailUrl":"https:\/\/zahnarzt-kronberg.de\/wp-content\/uploads\/2022\/04\/AdobeStock_348110316.jpeg","datePublished":"2022-04-24T12:32:06+00:00","dateModified":"2023-03-25T09:23:10+00:00","description":"Careers at Dr. Astrid Baumstieger\u2019s dental practice in Kronberg - current vacancies","breadcrumb":{"@id":"https:\/\/zahnarzt-kronberg.de\/en\/about-us\/careers\/#breadcrumb"},"inLanguage":"de","potentialAction":[{"@type":"ReadAction","target":["https:\/\/zahnarzt-kronberg.de\/en\/about-us\/careers\/"]}]},{"@type":"ImageObject","inLanguage":"de","@id":"https:\/\/zahnarzt-kronberg.de\/en\/about-us\/careers\/#primaryimage","url":"https:\/\/zahnarzt-kronberg.de\/wp-content\/uploads\/2022\/04\/AdobeStock_348110316.jpeg","contentUrl":"https:\/\/zahnarzt-kronberg.de\/wp-content\/uploads\/2022\/04\/AdobeStock_348110316.jpeg","width":2400,"height":1600},{"@type":"BreadcrumbList","@id":"https:\/\/zahnarzt-kronberg.de\/en\/about-us\/careers\/#breadcrumb","itemListElement":[{"@type":"ListItem","position":1,"name":"Startseite","item":"https:\/\/zahnarzt-kronberg.de\/en\/"},{"@type":"ListItem","position":2,"name":"Careers"}]},{"@type":"WebSite","@id":"https:\/\/zahnarzt-kronberg.de\/en\/#website","url":"https:\/\/zahnarzt-kronberg.de\/en\/","name":"Zahnarzt Kronberg","description":"Hightech mit Herz in Kronberg \/ Taunus","publisher":{"@id":"https:\/\/zahnarzt-kronberg.de\/en\/#organization"},"potentialAction":[{"@type":"SearchAction","target":{"@type":"EntryPoint","urlTemplate":"https:\/\/zahnarzt-kronberg.de\/en\/?s={search_term_string}"},"query-input":{"@type":"PropertyValueSpecification","valueRequired":true,"valueName":"search_term_string"}}],"inLanguage":"de"},{"@type":"Organization","@id":"https:\/\/zahnarzt-kronberg.de\/en\/#organization","name":"Dr. Astrid Baumstieger & Kollegen","url":"https:\/\/zahnarzt-kronberg.de\/en\/","logo":{"@type":"ImageObject","inLanguage":"de","@id":"https:\/\/zahnarzt-kronberg.de\/en\/#\/schema\/logo\/image\/","url":"https:\/\/zahnarzt-kronberg.de\/wp-content\/uploads\/2022\/01\/logo.svg","contentUrl":"https:\/\/zahnarzt-kronberg.de\/wp-content\/uploads\/2022\/01\/logo.svg","width":"1200","height":"1200","caption":"Dr. Astrid Baumstieger & Kollegen"},"image":{"@id":"https:\/\/zahnarzt-kronberg.de\/en\/#\/schema\/logo\/image\/"}}]}},"_links":{"self":[{"href":"https:\/\/zahnarzt-kronberg.de\/en\/wp-json\/wp\/v2\/pages\/5482","targetHints":{"allow":["GET"]}}],"collection":[{"href":"https:\/\/zahnarzt-kronberg.de\/en\/wp-json\/wp\/v2\/pages"}],"about":[{"href":"https:\/\/zahnarzt-kronberg.de\/en\/wp-json\/wp\/v2\/types\/page"}],"author":[{"embeddable":true,"href":"https:\/\/zahnarzt-kronberg.de\/en\/wp-json\/wp\/v2\/users\/1"}],"replies":[{"embeddable":true,"href":"https:\/\/zahnarzt-kronberg.de\/en\/wp-json\/wp\/v2\/comments?post=5482"}],"version-history":[{"count":1,"href":"https:\/\/zahnarzt-kronberg.de\/en\/wp-json\/wp\/v2\/pages\/5482\/revisions"}],"predecessor-version":[{"id":5483,"href":"https:\/\/zahnarzt-kronberg.de\/en\/wp-json\/wp\/v2\/pages\/5482\/revisions\/5483"}],"up":[{"embeddable":true,"href":"https:\/\/zahnarzt-kronberg.de\/en\/wp-json\/wp\/v2\/pages\/5605"}],"wp:featuredmedia":[{"embeddable":true,"href":"https:\/\/zahnarzt-kronberg.de\/en\/wp-json\/wp\/v2\/media\/5452"}],"wp:attachment":[{"href":"https:\/\/zahnarzt-kronberg.de\/en\/wp-json\/wp\/v2\/media?parent=5482"}],"curies":[{"name":"wp","href":"https:\/\/api.w.org\/{rel}","templated":true}]}}